{"id":257,"date":"2021-06-28T12:30:06","date_gmt":"2021-06-28T12:30:06","guid":{"rendered":"https:\/\/www.the-spirit-move.com\/?page_id=257"},"modified":"2021-06-28T12:30:35","modified_gmt":"2021-06-28T12:30:35","slug":"die-spirit-movement-community","status":"publish","type":"page","link":"https:\/\/www.the-spirit-move.com\/index.php\/die-spirit-movement-community\/","title":{"rendered":"Die Spirit Movement Community"},"content":{"rendered":"\n<h3>Eine neue und moderne Spiritualit\u00e4t bringt uns das neues Zeitalter!<\/h3>\n\n\n\n<p>Auf unserer Online Plattform geben wir dir einen inspirierenden und gesch\u00fctzten Rahmen, um von unserer spirituellen Gemeinschaft zu lernen, zu meditieren und einem Austausch mit gleichgesinnten zu haben. Sue Dhaibi wird dich dabei in der Community mit Webinaren, Vlogs und Meditationen in deinem pers\u00f6nlichen \u00abSpirit Move\u00bb, deinem Lebensweg und den neuen Erkenntnissen begleiten. Dabei erh\u00e4lt sie tatkr\u00e4ftige Unterst\u00fctzung von vielen anderen spannenden Mentoren und Autoren, die dir immer wieder etwas Neues zu lesen und zu sehen geben werden.<\/p>\n\n\n\n<p>Die Nutzung der Plattform ist KOSTENLOS! Du kannst dich als \u201cReisender\u201d Registrieren und in unsere Community eintauchen! Wenn merkst, dass du tiefer in die \u201cMaterie\u201d eintauchen m\u00f6chtest, was du f\u00fchlst,\u00a0kannst du dich als \u201cForschender\u201d durch ein Monatsabo f\u00fcr einen kleinen Beitrag upgraden und hast dadurch den vollen Zugriff auf alle Inhalte, Webinare, LiveStreams, Videokurse Mediation und vieles mehr. <\/p>\n\n\n\n<p>Registriere dich jetzt auf: <strong>www.spirit-movement.com<\/strong><\/p>\n\n\n\n<p>Unsere Gemeinschaft ist durch den Gedanken entstanden, Menschen die M\u00f6glichkeit zu geben, sich in einem gesch\u00fctzten Rahmen \u00fcber spirituelle Themen auszutauschen, in einer besonderen Tiefe zu lernen und sich gegenseitig in der Entwicklung zu helfen. Wir wollen dir durch unsere Community einen Raum bieten, um Mut und Inspiration in Richtung eines bewussteren Lebens und einer kollektiven Erfahrung auf Erden zu erleben.<\/p>\n\n\n\n<p>Die Zeit ist reif f\u00fcr ein neues Bewusstsein unter den Menschen. Also lass uns einen wichtigen gemeinsamen Schritt in diese Richtung machen.<\/p>\n\n\n\n<p>Wir freuen uns auf DICH,<\/p>\n\n\n\n<p>Dein Spirit Movement Team<\/p>\n","protected":false},"excerpt":{"rendered":"<p>Eine neue und moderne Spiritualit\u00e4t bringt uns das neues Zeitalter! Auf unserer Online Plattform geben wir dir einen inspirierenden und gesch\u00fctzten Rahmen, um von unserer spirituellen Gemeinschaft zu lernen, zu meditieren und einem Austausch mit gleichgesinnten zu haben. Sue Dhaibi wird dich dabei in der Community mit Webinaren, Vlogs und Meditationen in deinem pers\u00f6nlichen \u00abSpirit &hellip; <a href=\"https:\/\/www.the-spirit-move.com\/index.php\/die-spirit-movement-community\/\" class=\"more-link\"><span class=\"screen-reader-text\">Die Spirit Movement Community<\/span> weiterlesen<\/a><\/p>\n","protected":false},"author":2,"featured_media":0,"parent":0,"menu_order":0,"comment_status":"closed","ping_status":"closed","template":"","meta":{"_uag_custom_page_level_css":"","spay_email":""},"uagb_featured_image_src":{"full":false,"thumbnail":false,"medium":false,"medium_large":false,"large":false,"1536x1536":false,"2048x2048":false,"post-thumbnail":false},"uagb_author_info":{"display_name":"Sue Dhaibi","author_link":"https:\/\/www.the-spirit-move.com\/index.php\/author\/manager-sue\/"},"uagb_comment_info":0,"uagb_excerpt":"Eine neue und moderne Spiritualit\u00e4t bringt uns das neues Zeitalter! Auf unserer Online Plattform geben wir dir einen inspirierenden und gesch\u00fctzten Rahmen, um von unserer spirituellen Gemeinschaft zu lernen, zu meditieren und einem Austausch mit gleichgesinnten zu haben. Sue Dhaibi wird dich dabei in der Community mit Webinaren, Vlogs und Meditationen in deinem pers\u00f6nlichen \u00abSpirit&hellip;","_links":{"self":[{"href":"https:\/\/www.the-spirit-move.com\/index.php\/wp-json\/wp\/v2\/pages\/257"}],"collection":[{"href":"https:\/\/www.the-spirit-move.com\/index.php\/wp-json\/wp\/v2\/pages"}],"about":[{"href":"https:\/\/www.the-spirit-move.com\/index.php\/wp-json\/wp\/v2\/types\/page"}],"author":[{"embeddable":true,"href":"https:\/\/www.the-spirit-move.com\/index.php\/wp-json\/wp\/v2\/users\/2"}],"replies":[{"embeddable":true,"href":"https:\/\/www.the-spirit-move.com\/index.php\/wp-json\/wp\/v2\/comments?post=257"}],"version-history":[{"count":3,"href":"https:\/\/www.the-spirit-move.com\/index.php\/wp-json\/wp\/v2\/pages\/257\/revisions"}],"predecessor-version":[{"id":261,"href":"https:\/\/www.the-spirit-move.com\/index.php\/wp-json\/wp\/v2\/pages\/257\/revisions\/261"}],"wp:attachment":[{"href":"https:\/\/www.the-spirit-move.com\/index.php\/wp-json\/wp\/v2\/media?parent=257"}],"curies":[{"name":"wp","href":"https:\/\/api.w.org\/{rel}","templated":true}]}}