{"id":248,"date":"2021-05-17T08:18:45","date_gmt":"2021-05-17T08:18:45","guid":{"rendered":"https:\/\/www.the-spirit-move.com\/?page_id=248"},"modified":"2022-07-14T16:06:17","modified_gmt":"2022-07-14T16:06:17","slug":"der-spirit-move","status":"publish","type":"page","link":"https:\/\/www.the-spirit-move.com\/index.php\/der-spirit-move\/","title":{"rendered":"Die 8 Schritte des Spirit Move"},"content":{"rendered":"\n<p class=\"has-text-align-left has-purple-color has-text-color has-normal-font-size\">Deine Seele hat die Kraft dich durch alle Prozesse deines Lebens zu f\u00fchren. Dein H\u00f6heres Selbst sowie dein Innerer Kern und auch deine Anbindung an das Kollektive Bewusstsein, stellen die wohl m\u00e4chtigste F\u00fchrung in deinem Leben dar. Durch deine bewusste R\u00fcckverbindung mit diesen Ebenen und angeleitet von diesen 8 Schritten, wirst du erm\u00e4chtigt, eine starke Widerstandskraft (Resilienz), tiefe Heilung und eine wundervolle Erkenntnis \u00fcber dich und das Leben zu erhalten.<\/p>\n\n\n\n<p class=\"has-text-align-left has-purple-color has-text-color has-normal-font-size\">Einen Spirit Move erlebst Du, wenn du erkennst, dass du im Innersten mit einer unendlichen Kraft und deiner unsterblichen Seele verbunden bist, welche dich jede Sekunde deines Lebens begleitet. Gerne bezeichne ich ihn auch als einen Erkenntnismoment, wenn der &#8222;spirituelle Groschen&#8220; f\u00e4llt, welcher von der Weisheit deiner Seele angestossen wird.  Du beginnst durch deinen Inneren Kern zu erkennen, dass du alles im Leben meistern kannst, jedes Werkzeug f\u00fcr ein erf\u00fclltes Leben in dir tr\u00e4gst. Alles was es braucht ist: <\/p>\n\n\n\n<p><\/p>\n\n\n\n<p class=\"has-text-align-left has-purple-color has-text-color has-normal-font-size\">1 &#8211; <strong>Mut<\/strong><\/p>\n\n\n\n<p class=\"has-purple-color has-text-color has-normal-font-size\">2 &#8211; <strong>Raum zum selbstst\u00e4ndigen Denken<\/strong><\/p>\n\n\n\n<p class=\"has-purple-color has-text-color has-normal-font-size\">3 &#8211; <strong>Raus aus der Opferrolle<\/strong><\/p>\n\n\n\n<p class=\"has-purple-color has-text-color has-normal-font-size\">4 &#8211; <strong>Neue Perspektiven<\/strong><\/p>\n\n\n\n<p class=\"has-purple-color has-text-color has-normal-font-size\">5 &#8211; <strong>Die Befreiung eigener Fesseln<\/strong><\/p>\n\n\n\n<p class=\"has-purple-color has-text-color has-normal-font-size\">6 &#8211; <strong>Dein Bed\u00fcrfnis-Update<\/strong><\/p>\n\n\n\n<p class=\"has-purple-color has-text-color has-normal-font-size\">7 &#8211; <strong>Erkenne deinen spirituellen Auftrag<\/strong><\/p>\n\n\n\n<p class=\"has-purple-color has-text-color has-normal-font-size\"><strong>8 &#8211; Tauch in das kollektive Bewusstsein ein<\/strong><\/p>\n\n\n\n<p><\/p>\n\n\n\n<p><\/p>\n\n\n\n<figure class=\"wp-block-image size-large\"><img loading=\"lazy\" width=\"660\" height=\"962\" src=\"https:\/\/i1.wp.com\/www.the-spirit-move.com\/wp-content\/uploads\/2021\/04\/FR_Magazin-Artikel-Dhaibi.jpg?resize=660%2C962&#038;ssl=1\" alt=\"\" class=\"wp-image-238\" srcset=\"https:\/\/i1.wp.com\/www.the-spirit-move.com\/wp-content\/uploads\/2021\/04\/FR_Magazin-Artikel-Dhaibi.jpg?resize=716%2C1044&amp;ssl=1 716w, https:\/\/i1.wp.com\/www.the-spirit-move.com\/wp-content\/uploads\/2021\/04\/FR_Magazin-Artikel-Dhaibi.jpg?resize=206%2C300&amp;ssl=1 206w, https:\/\/i1.wp.com\/www.the-spirit-move.com\/wp-content\/uploads\/2021\/04\/FR_Magazin-Artikel-Dhaibi.jpg?resize=768%2C1119&amp;ssl=1 768w, https:\/\/i1.wp.com\/www.the-spirit-move.com\/wp-content\/uploads\/2021\/04\/FR_Magazin-Artikel-Dhaibi.jpg?w=933&amp;ssl=1 933w\" sizes=\"(max-width: 660px) 100vw, 660px\" data-recalc-dims=\"1\" \/><figcaption>Quelle: Frankfurter Ring<\/figcaption><\/figure>\n\n\n\n<p><\/p>\n\n\n\n<p><\/p>\n\n\n\n<p><\/p>\n\n\n\n<p><\/p>\n","protected":false},"excerpt":{"rendered":"<p>Deine Seele hat die Kraft dich durch alle Prozesse deines Lebens zu f\u00fchren. Dein H\u00f6heres Selbst sowie dein Innerer Kern und auch deine Anbindung an das Kollektive Bewusstsein, stellen die wohl m\u00e4chtigste F\u00fchrung in deinem Leben dar. Durch deine bewusste R\u00fcckverbindung mit diesen Ebenen und angeleitet von diesen 8 Schritten, wirst du erm\u00e4chtigt, eine starke &hellip; <a href=\"https:\/\/www.the-spirit-move.com\/index.php\/der-spirit-move\/\" class=\"more-link\"><span class=\"screen-reader-text\">Die 8 Schritte des Spirit Move<\/span> weiterlesen<\/a><\/p>\n","protected":false},"author":2,"featured_media":0,"parent":0,"menu_order":0,"comment_status":"closed","ping_status":"closed","template":"","meta":{"_uag_custom_page_level_css":"","spay_email":""},"uagb_featured_image_src":{"full":false,"thumbnail":false,"medium":false,"medium_large":false,"large":false,"1536x1536":false,"2048x2048":false,"post-thumbnail":false},"uagb_author_info":{"display_name":"Sue Dhaibi","author_link":"https:\/\/www.the-spirit-move.com\/index.php\/author\/manager-sue\/"},"uagb_comment_info":0,"uagb_excerpt":"Deine Seele hat die Kraft dich durch alle Prozesse deines Lebens zu f\u00fchren. Dein H\u00f6heres Selbst sowie dein Innerer Kern und auch deine Anbindung an das Kollektive Bewusstsein, stellen die wohl m\u00e4chtigste F\u00fchrung in deinem Leben dar. Durch deine bewusste R\u00fcckverbindung mit diesen Ebenen und angeleitet von diesen 8 Schritten, wirst du erm\u00e4chtigt, eine starke&hellip;","_links":{"self":[{"href":"https:\/\/www.the-spirit-move.com\/index.php\/wp-json\/wp\/v2\/pages\/248"}],"collection":[{"href":"https:\/\/www.the-spirit-move.com\/index.php\/wp-json\/wp\/v2\/pages"}],"about":[{"href":"https:\/\/www.the-spirit-move.com\/index.php\/wp-json\/wp\/v2\/types\/page"}],"author":[{"embeddable":true,"href":"https:\/\/www.the-spirit-move.com\/index.php\/wp-json\/wp\/v2\/users\/2"}],"replies":[{"embeddable":true,"href":"https:\/\/www.the-spirit-move.com\/index.php\/wp-json\/wp\/v2\/comments?post=248"}],"version-history":[{"count":9,"href":"https:\/\/www.the-spirit-move.com\/index.php\/wp-json\/wp\/v2\/pages\/248\/revisions"}],"predecessor-version":[{"id":316,"href":"https:\/\/www.the-spirit-move.com\/index.php\/wp-json\/wp\/v2\/pages\/248\/revisions\/316"}],"wp:attachment":[{"href":"https:\/\/www.the-spirit-move.com\/index.php\/wp-json\/wp\/v2\/media?parent=248"}],"curies":[{"name":"wp","href":"https:\/\/api.w.org\/{rel}","templated":true}]}}