{"id":2,"date":"2021-03-01T18:52:50","date_gmt":"2021-03-01T18:52:50","guid":{"rendered":"https:\/\/www.the-spirit-move.com\/?page_id=2"},"modified":"2022-07-14T15:45:09","modified_gmt":"2022-07-14T15:45:09","slug":"spirit-move","status":"publish","type":"page","link":"https:\/\/www.the-spirit-move.com\/","title":{"rendered":"Zum Buch"},"content":{"rendered":"\n<div class=\"wp-block-image\"><figure class=\"aligncenter size-large\"><img loading=\"lazy\" width=\"658\" height=\"1044\" src=\"https:\/\/i2.wp.com\/www.the-spirit-move.com\/wp-content\/uploads\/2021\/03\/81AFqlm1SLL.jpg?resize=658%2C1044&#038;ssl=1\" alt=\"\" class=\"wp-image-215\" srcset=\"https:\/\/i2.wp.com\/www.the-spirit-move.com\/wp-content\/uploads\/2021\/03\/81AFqlm1SLL.jpg?resize=658%2C1044&amp;ssl=1 658w, https:\/\/i2.wp.com\/www.the-spirit-move.com\/wp-content\/uploads\/2021\/03\/81AFqlm1SLL.jpg?resize=189%2C300&amp;ssl=1 189w, https:\/\/i2.wp.com\/www.the-spirit-move.com\/wp-content\/uploads\/2021\/03\/81AFqlm1SLL.jpg?resize=768%2C1219&amp;ssl=1 768w, https:\/\/i2.wp.com\/www.the-spirit-move.com\/wp-content\/uploads\/2021\/03\/81AFqlm1SLL.jpg?resize=968%2C1536&amp;ssl=1 968w, https:\/\/i2.wp.com\/www.the-spirit-move.com\/wp-content\/uploads\/2021\/03\/81AFqlm1SLL.jpg?resize=1290%2C2048&amp;ssl=1 1290w, https:\/\/i2.wp.com\/www.the-spirit-move.com\/wp-content\/uploads\/2021\/03\/81AFqlm1SLL.jpg?w=1613&amp;ssl=1 1613w\" sizes=\"(max-width: 658px) 100vw, 658px\" data-recalc-dims=\"1\" \/><\/figure><\/div>\n\n\n\n<p><\/p>\n\n\n\n<p><\/p>\n\n\n\n<p>Erlaube dir 8 Schritte um widerstandsf\u00e4higer zu werden!<\/p>\n\n\n\n<p>Das spirituelle Motivationsbuch, um Herausforderungen in Chancen zu verwandeln und die eigene Lebensvision zu erkennen: Sue Dhaibis Pers\u00f6nlichkeitscoaching ist \u00fcberraschend anders \u2013 mit ihrem \u00bbSpirit Move\u00ab-Programm zeigt sie neue Wege zu unserer innersten Kraft. Um die kommenden gro\u00dfen Umw\u00e4lzungen w\u00e4hrend des n\u00e4chsten Evolutionssprungs der Menschheit zu meistern, m\u00fcssen wir uns jetzt mit dieser Energiequelle verbinden, die uns oft gar nicht bewusst ist!<\/p>\n\n\n\n<p><br>Mithilfe von Ausk\u00fcnften aus der Geistigen Welt macht das bekannte Jenseitsmedium deutlich, wie unser Lebensplan funktioniert, wie wir erkennen, warum wir hier sind, und wie wir die Aufgaben erfolgreich bew\u00e4ltigen, die auf jeden von uns warten. Ganz im Einklang mit unserer Sch\u00f6pferkraft k\u00f6nnen wir Neues gestalten, wenn wir aus alten Mustern ausbrechen und uns dem \u00f6ffnen, was wir l\u00e4ngst schon in uns sp\u00fcren \u2013 unserem unverwechselbaren, ganz pers\u00f6nlichen Lebensfunken.<\/p>\n\n\n\n<p><\/p>\n\n\n\n<p><\/p>\n\n\n\n<p><a rel=\"noreferrer noopener\" href=\"https:\/\/amzn.to\/3cboj9c\" target=\"_blank\">JETZT das Buch Online kaufen hier!<\/a><\/p>\n\n\n\n<p><br><br><\/p>\n\n\n\n<ul class=\"wp-block-social-links\"><li class=\"wp-social-link wp-social-link-facebook wp-block-social-link\"><a href=\"https:\/\/www.facebook.com\/pg\/SUE.DHAIBI.Medium\" aria-label=\"Facebook\" > <svg width=\"24\" height=\"24\" viewBox=\"0 0 24 24\" version=\"1.1\" xmlns=\"http:\/\/www.w3.org\/2000\/svg\" role=\"img\" aria-hidden=\"true\" focusable=\"false\"><path d=\"M12 2C6.5 2 2 6.5 2 12c0 5 3.7 9.1 8.4 9.9v-7H7.9V12h2.5V9.8c0-2.5 1.5-3.9 3.8-3.9 1.1 0 2.2.2 2.2.2v2.5h-1.3c-1.2 0-1.6.8-1.6 1.6V12h2.8l-.4 2.9h-2.3v7C18.3 21.1 22 17 22 12c0-5.5-4.5-10-10-10z\"><\/path><\/svg><\/a><\/li>\n\n<li class=\"wp-social-link wp-social-link-youtube wp-block-social-link\"><a href=\"http:\/\/www.youtube.com\/connecteddimensions\" aria-label=\"YouTube\" > <svg width=\"24\" height=\"24\" viewBox=\"0 0 24 24\" version=\"1.1\" xmlns=\"http:\/\/www.w3.org\/2000\/svg\" role=\"img\" aria-hidden=\"true\" focusable=\"false\"><path d=\"M21.8,8.001c0,0-0.195-1.378-0.795-1.985c-0.76-0.797-1.613-0.801-2.004-0.847c-2.799-0.202-6.997-0.202-6.997-0.202 h-0.009c0,0-4.198,0-6.997,0.202C4.608,5.216,3.756,5.22,2.995,6.016C2.395,6.623,2.2,8.001,2.2,8.001S2,9.62,2,11.238v1.517 c0,1.618,0.2,3.237,0.2,3.237s0.195,1.378,0.795,1.985c0.761,0.797,1.76,0.771,2.205,0.855c1.6,0.153,6.8,0.201,6.8,0.201 s4.203-0.006,7.001-0.209c0.391-0.047,1.243-0.051,2.004-0.847c0.6-0.607,0.795-1.985,0.795-1.985s0.2-1.618,0.2-3.237v-1.517 C22,9.62,21.8,8.001,21.8,8.001z M9.935,14.594l-0.001-5.62l5.404,2.82L9.935,14.594z\"><\/path><\/svg><\/a><\/li>\n\n<li class=\"wp-social-link wp-social-link-instagram wp-block-social-link\"><a href=\"https:\/\/www.instagram.com\/suedhaibi\" aria-label=\"Instagram\" > <svg width=\"24\" height=\"24\" viewBox=\"0 0 24 24\" version=\"1.1\" xmlns=\"http:\/\/www.w3.org\/2000\/svg\" role=\"img\" aria-hidden=\"true\" focusable=\"false\"><path d=\"M12,4.622c2.403,0,2.688,0.009,3.637,0.052c0.877,0.04,1.354,0.187,1.671,0.31c0.42,0.163,0.72,0.358,1.035,0.673 c0.315,0.315,0.51,0.615,0.673,1.035c0.123,0.317,0.27,0.794,0.31,1.671c0.043,0.949,0.052,1.234,0.052,3.637 s-0.009,2.688-0.052,3.637c-0.04,0.877-0.187,1.354-0.31,1.671c-0.163,0.42-0.358,0.72-0.673,1.035 c-0.315,0.315-0.615,0.51-1.035,0.673c-0.317,0.123-0.794,0.27-1.671,0.31c-0.949,0.043-1.233,0.052-3.637,0.052 s-2.688-0.009-3.637-0.052c-0.877-0.04-1.354-0.187-1.671-0.31c-0.42-0.163-0.72-0.358-1.035-0.673 c-0.315-0.315-0.51-0.615-0.673-1.035c-0.123-0.317-0.27-0.794-0.31-1.671C4.631,14.688,4.622,14.403,4.622,12 s0.009-2.688,0.052-3.637c0.04-0.877,0.187-1.354,0.31-1.671c0.163-0.42,0.358-0.72,0.673-1.035 c0.315-0.315,0.615-0.51,1.035-0.673c0.317-0.123,0.794-0.27,1.671-0.31C9.312,4.631,9.597,4.622,12,4.622 M12,3 C9.556,3,9.249,3.01,8.289,3.054C7.331,3.098,6.677,3.25,6.105,3.472C5.513,3.702,5.011,4.01,4.511,4.511 c-0.5,0.5-0.808,1.002-1.038,1.594C3.25,6.677,3.098,7.331,3.054,8.289C3.01,9.249,3,9.556,3,12c0,2.444,0.01,2.751,0.054,3.711 c0.044,0.958,0.196,1.612,0.418,2.185c0.23,0.592,0.538,1.094,1.038,1.594c0.5,0.5,1.002,0.808,1.594,1.038 c0.572,0.222,1.227,0.375,2.185,0.418C9.249,20.99,9.556,21,12,21s2.751-0.01,3.711-0.054c0.958-0.044,1.612-0.196,2.185-0.418 c0.592-0.23,1.094-0.538,1.594-1.038c0.5-0.5,0.808-1.002,1.038-1.594c0.222-0.572,0.375-1.227,0.418-2.185 C20.99,14.751,21,14.444,21,12s-0.01-2.751-0.054-3.711c-0.044-0.958-0.196-1.612-0.418-2.185c-0.23-0.592-0.538-1.094-1.038-1.594 c-0.5-0.5-1.002-0.808-1.594-1.038c-0.572-0.222-1.227-0.375-2.185-0.418C14.751,3.01,14.444,3,12,3L12,3z M12,7.378 c-2.552,0-4.622,2.069-4.622,4.622S9.448,16.622,12,16.622s4.622-2.069,4.622-4.622S14.552,7.378,12,7.378z M12,15 c-1.657,0-3-1.343-3-3s1.343-3,3-3s3,1.343,3,3S13.657,15,12,15z M16.804,6.116c-0.596,0-1.08,0.484-1.08,1.08 s0.484,1.08,1.08,1.08c0.596,0,1.08-0.484,1.08-1.08S17.401,6.116,16.804,6.116z\"><\/path><\/svg><\/a><\/li><\/ul>\n","protected":false},"excerpt":{"rendered":"<p>Erlaube dir 8 Schritte um widerstandsf\u00e4higer zu werden! Das spirituelle Motivationsbuch, um Herausforderungen in Chancen zu verwandeln und die eigene Lebensvision zu erkennen: Sue Dhaibis Pers\u00f6nlichkeitscoaching ist \u00fcberraschend anders \u2013 mit ihrem \u00bbSpirit Move\u00ab-Programm zeigt sie neue Wege zu unserer innersten Kraft. Um die kommenden gro\u00dfen Umw\u00e4lzungen w\u00e4hrend des n\u00e4chsten Evolutionssprungs der Menschheit zu meistern, &hellip; <a href=\"https:\/\/www.the-spirit-move.com\/\" class=\"more-link\"><span class=\"screen-reader-text\">Zum Buch<\/span> weiterlesen<\/a><\/p>\n","protected":false},"author":1,"featured_media":0,"parent":0,"menu_order":0,"comment_status":"closed","ping_status":"closed","template":"","meta":{"_uag_custom_page_level_css":"","spay_email":""},"uagb_featured_image_src":{"full":false,"thumbnail":false,"medium":false,"medium_large":false,"large":false,"1536x1536":false,"2048x2048":false,"post-thumbnail":false},"uagb_author_info":{"display_name":"manager-peter","author_link":"https:\/\/www.the-spirit-move.com\/index.php\/author\/manager-peter\/"},"uagb_comment_info":0,"uagb_excerpt":"Erlaube dir 8 Schritte um widerstandsf\u00e4higer zu werden! Das spirituelle Motivationsbuch, um Herausforderungen in Chancen zu verwandeln und die eigene Lebensvision zu erkennen: Sue Dhaibis Pers\u00f6nlichkeitscoaching ist \u00fcberraschend anders \u2013 mit ihrem \u00bbSpirit Move\u00ab-Programm zeigt sie neue Wege zu unserer innersten Kraft. Um die kommenden gro\u00dfen Umw\u00e4lzungen w\u00e4hrend des n\u00e4chsten Evolutionssprungs der Menschheit zu meistern,&hellip;","_links":{"self":[{"href":"https:\/\/www.the-spirit-move.com\/index.php\/wp-json\/wp\/v2\/pages\/2"}],"collection":[{"href":"https:\/\/www.the-spirit-move.com\/index.php\/wp-json\/wp\/v2\/pages"}],"about":[{"href":"https:\/\/www.the-spirit-move.com\/index.php\/wp-json\/wp\/v2\/types\/page"}],"author":[{"embeddable":true,"href":"https:\/\/www.the-spirit-move.com\/index.php\/wp-json\/wp\/v2\/users\/1"}],"replies":[{"embeddable":true,"href":"https:\/\/www.the-spirit-move.com\/index.php\/wp-json\/wp\/v2\/comments?post=2"}],"version-history":[{"count":14,"href":"https:\/\/www.the-spirit-move.com\/index.php\/wp-json\/wp\/v2\/pages\/2\/revisions"}],"predecessor-version":[{"id":314,"href":"https:\/\/www.the-spirit-move.com\/index.php\/wp-json\/wp\/v2\/pages\/2\/revisions\/314"}],"wp:attachment":[{"href":"https:\/\/www.the-spirit-move.com\/index.php\/wp-json\/wp\/v2\/media?parent=2"}],"curies":[{"name":"wp","href":"https:\/\/api.w.org\/{rel}","templated":true}]}}